{"id":409,"date":"2025-12-17T17:12:41","date_gmt":"2025-12-17T16:12:41","guid":{"rendered":"https:\/\/www.my-clothing.fr\/?page_id=409"},"modified":"2025-12-18T14:50:21","modified_gmt":"2025-12-18T13:50:21","slug":"cgv","status":"publish","type":"page","link":"https:\/\/www.my-clothing.fr\/?page_id=409","title":{"rendered":"CGV"},"content":{"rendered":"\r\n<h2 class=\"wp-block-heading\"><br \/>1- Informations L\u00e9gales<\/h2>\r\n\r\n\r\n\r\n<p>Les pr\u00e9sentes Conditions G\u00e9n\u00e9rales de Vente (dites CGV) r\u00e9gissent les ventes conclues entre:\u00a0<\/p>\r\n<p>L\u2019entreprise My Clothing avec un si\u00e8ge social situ\u00e9 au 06 Rue Saint-Blaise, 75020,<\/p>\r\n<p>Ci-apr\u00e8s d\u00e9nomm\u00e9e \u00ab Le Vendeur \u00bb et toute personne physique et majeure effectuant un achat via le site internet, ci-apr\u00e8s d\u00e9nomm\u00e9 \u00ab le Client \u00bb.\u00a0<\/p>\r\n<h2>2- Objet\u00a0<\/h2>\r\n<p>Les pr\u00e9sentes CGV ont pour objet de d\u00e9finir les conditions dans lesquelles le Vendeur propose \u00e0 la vente des produits de seconde main, (v\u00eatements, accessoires, objet etc\u2026) sur son site e-commerce.\u00a0<\/p>\r\n<h2>3- Produits\u00a0<\/h2>\r\n\r\n\r\n\r\n<p>Les produits propos\u00e9s sont des articles de seconde main, ayant d\u00e9j\u00e0 \u00e9t\u00e9 utilis\u00e9s pour certains et non pour d\u2019autres.<\/p>\r\n<p>Chaque produit est d\u00e9crit de la mani\u00e8re la plus pr\u00e9cise possible (\u00e9tat, d\u00e9fauts \u00e9ventuels, tailles, mati\u00e8res, photos).\u00a0<br \/><br \/>Les photographies n\u2019ont pas de valeur contractuelle, mais sont repr\u00e9sentatives de l\u2019\u00e9tat r\u00e9el du produit.\u00a0<\/p>\r\n<p>Le client reconna\u00eet et accepte le caract\u00e8re NON neuf pour certains articles le stipulant.\u00a0<\/p>\r\n\r\n\r\n\r\n<h2><br \/>4- Prix<\/h2>\r\n\r\n\r\n\r\n<p>Les prix sont indiqu\u00e9s en euros (\u20ac), toutes taxes comprises (TTC), hors frais de livraison. <br \/>Le vendeur se r\u00e9serve le droit de modifier ses prix \u00e0 tout moment, mais le prix factur\u00e9 sera celui affich\u00e9 au moment de la commande.<\/p>\r\n\r\n\r\n\r\n<h2 class=\"wp-block-heading\">5- Commande<\/h2>\r\n\r\n\r\n\r\n<p>La commande est consid\u00e9r\u00e9e comme d\u00e9finitive apr\u00e8s:<\/p>\r\n<p>Validation du panier,\u00a0<\/p>\r\n<p>Acceptation des pr\u00e9sentes CGV,<\/p>\r\n<p>Confirmation du paiement,\u00a0<\/p>\r\n<p>Une confirmation de commande est envoy\u00e9e par e-mail au client.\u00a0<\/p>\r\n\r\n\r\n\r\n<h2 class=\"wp-block-heading\">6- Paiement<\/h2>\r\n\r\n\r\n\r\n<p>Le paiement est exigible imm\u00e9diatement \u00e0 la commande.<\/p>\r\n<p>Les transactions sont s\u00e9curis\u00e9es via des prestataires de paiement certifi\u00e9s.\u00a0<\/p>\r\n\r\n\r\n\r\n<h2 class=\"wp-block-heading\">7- Livraison<\/h2>\r\n\r\n\r\n\r\n<p>Les produits sont livr\u00e9s \u00e0 l\u2019adresse indiqu\u00e9e par le Client lors de la commande.\u00a0<br \/><br \/><\/p>\r\n<p>Modes de Livraison: Chronopost, Mondial Relay etc\u2026.<\/p>\r\n<p>D\u00e9lais de livraison: 5 \u00e0 8 jours ouvr\u00e9s,\u00a0<\/p>\r\n<p>Les d\u00e9lais sont donn\u00e9s \u00e0 titre indicatif et ne constituent pas un engagement contractuel.\u00a0<br \/><br \/><\/p>\r\n<p>Le Vendeur ne saurait \u00eatre tenu responsable des retards imputables aux transporteurs.\u00a0<br \/><br \/><\/p>\r\n<h2>8- Responsabilit\u00e9\u00a0<\/h2>\r\n<p>Le Vendeur ne saurait \u00eatre tenu responsable d\u2019une mauvaise utilisation du produit, de l\u2019usure li\u00e9e \u00e0 l\u2019usage, des d\u00e9fauts d\u00e9j\u00e0 mentionn\u00e9s dans la description pour les articles \u00e9tant marqu\u00e9 \u00ab Seconde Main \u00bb.\u00a0<br \/><br \/><\/p>\r\n<h2>9- Propri\u00e9t\u00e9 intellectuelle\u00a0<\/h2>\r\n<p>Tous les \u00e9l\u00e9ments du site (textes, images, logo, charte graphique) sont la propri\u00e9t\u00e9 exclusive du Vendeur.<\/p>\r\n<p>Toute reproduction ou utilisation sans autorisation est interdite.\u00a0<br \/><br \/><\/p>\r\n<h2>10- Donn\u00e9es personnelles\u00a0<\/h2>\r\n<p>Les donn\u00e9es personnelles collect\u00e9es sont utilis\u00e9es uniquement dans le cadre de la gestion des commandes et de la relation client.\u00a0<br \/><br \/><\/p>\r\n<h2>11- Droit applicable et litiges\u00a0<\/h2>\r\n<p>Les pr\u00e9sentes CGV sont soumises au droit fran\u00e7ais.\u00a0<br \/>En cas de litige, une solution amiable sera recherch\u00e9e avant toute action judiciaire.\u00a0<br \/><br \/><\/p>\r\n<p>&nbsp;<\/p>\r\n<p>&nbsp;<\/p>\r\n\r\n<p>&nbsp;<\/p>","protected":false},"excerpt":{"rendered":"<p>1- Informations L\u00e9gales Les pr\u00e9sentes Conditions G\u00e9n\u00e9rales de Vente (dites CGV) r\u00e9gissent les ventes conclues entre:\u00a0 L\u2019entreprise My Clothing avec un si\u00e8ge social situ\u00e9 au 06 Rue Saint-Blaise, 75020, Ci-apr\u00e8s d\u00e9nomm\u00e9e \u00ab Le Vendeur \u00bb et toute personne physique et majeure effectuant un achat via le site internet, ci-apr\u00e8s d\u00e9nomm\u00e9 \u00ab le Client \u00bb.\u00a0 2- [&hellip;]<\/p>\n","protected":false},"author":2,"featured_media":0,"parent":0,"menu_order":0,"comment_status":"closed","ping_status":"closed","template":"","meta":{"footnotes":""},"class_list":["post-409","page","type-page","status-publish","hentry"],"yoast_head":"<!-- This site is optimized with the Yoast SEO plugin v27.3 - https:\/\/yoast.com\/product\/yoast-seo-wordpress\/ -->\n<title>CGV - La mode durable et responsable<\/title>\n<meta name=\"robots\" content=\"index, follow, max-snippet:-1, max-image-preview:large, max-video-preview:-1\" \/>\n<link rel=\"canonical\" href=\"https:\/\/www.my-clothing.fr\/?page_id=409\" \/>\n<meta property=\"og:locale\" content=\"fr_FR\" \/>\n<meta property=\"og:type\" content=\"article\" \/>\n<meta property=\"og:title\" content=\"CGV - La mode durable et responsable\" \/>\n<meta property=\"og:description\" content=\"1- Informations L\u00e9gales Les pr\u00e9sentes Conditions G\u00e9n\u00e9rales de Vente (dites CGV) r\u00e9gissent les ventes conclues entre:\u00a0 L\u2019entreprise My Clothing avec un si\u00e8ge social situ\u00e9 au 06 Rue Saint-Blaise, 75020, Ci-apr\u00e8s d\u00e9nomm\u00e9e \u00ab Le Vendeur \u00bb et toute personne physique et majeure effectuant un achat via le site internet, ci-apr\u00e8s d\u00e9nomm\u00e9 \u00ab le Client \u00bb.\u00a0 2- [&hellip;]\" \/>\n<meta property=\"og:url\" content=\"https:\/\/www.my-clothing.fr\/?page_id=409\" \/>\n<meta property=\"og:site_name\" content=\"La mode durable et responsable\" \/>\n<meta property=\"article:modified_time\" content=\"2025-12-18T13:50:21+00:00\" \/>\n<meta name=\"twitter:card\" content=\"summary_large_image\" \/>\n<meta name=\"twitter:label1\" content=\"Dur\u00e9e de lecture estim\u00e9e\" \/>\n\t<meta name=\"twitter:data1\" content=\"3 minutes\" \/>\n<script type=\"application\/ld+json\" class=\"yoast-schema-graph\">{\"@context\":\"https:\\\/\\\/schema.org\",\"@graph\":[{\"@type\":\"WebPage\",\"@id\":\"https:\\\/\\\/www.my-clothing.fr\\\/?page_id=409\",\"url\":\"https:\\\/\\\/www.my-clothing.fr\\\/?page_id=409\",\"name\":\"CGV - La mode durable et responsable\",\"isPartOf\":{\"@id\":\"https:\\\/\\\/www.my-clothing.fr\\\/#website\"},\"datePublished\":\"2025-12-17T16:12:41+00:00\",\"dateModified\":\"2025-12-18T13:50:21+00:00\",\"breadcrumb\":{\"@id\":\"https:\\\/\\\/www.my-clothing.fr\\\/?page_id=409#breadcrumb\"},\"inLanguage\":\"fr-FR\",\"potentialAction\":[{\"@type\":\"ReadAction\",\"target\":[\"https:\\\/\\\/www.my-clothing.fr\\\/?page_id=409\"]}]},{\"@type\":\"BreadcrumbList\",\"@id\":\"https:\\\/\\\/www.my-clothing.fr\\\/?page_id=409#breadcrumb\",\"itemListElement\":[{\"@type\":\"ListItem\",\"position\":1,\"name\":\"Accueil\",\"item\":\"https:\\\/\\\/www.my-clothing.fr\\\/\"},{\"@type\":\"ListItem\",\"position\":2,\"name\":\"CGV\"}]},{\"@type\":\"WebSite\",\"@id\":\"https:\\\/\\\/www.my-clothing.fr\\\/#website\",\"url\":\"https:\\\/\\\/www.my-clothing.fr\\\/\",\"name\":\"La mode durable et responsable\",\"description\":\"Ve\u0302tements de marque,  neufs, fins de se\u0301rie et seconde main.\",\"publisher\":{\"@id\":\"https:\\\/\\\/www.my-clothing.fr\\\/#organization\"},\"potentialAction\":[{\"@type\":\"SearchAction\",\"target\":{\"@type\":\"EntryPoint\",\"urlTemplate\":\"https:\\\/\\\/www.my-clothing.fr\\\/?s={search_term_string}\"},\"query-input\":{\"@type\":\"PropertyValueSpecification\",\"valueRequired\":true,\"valueName\":\"search_term_string\"}}],\"inLanguage\":\"fr-FR\"},{\"@type\":\"Organization\",\"@id\":\"https:\\\/\\\/www.my-clothing.fr\\\/#organization\",\"name\":\"La mode durable et responsable\",\"url\":\"https:\\\/\\\/www.my-clothing.fr\\\/\",\"logo\":{\"@type\":\"ImageObject\",\"inLanguage\":\"fr-FR\",\"@id\":\"https:\\\/\\\/www.my-clothing.fr\\\/#\\\/schema\\\/logo\\\/image\\\/\",\"url\":\"https:\\\/\\\/www.my-clothing.fr\\\/wp-content\\\/uploads\\\/2021\\\/10\\\/MyClothing-Neon-scaled.png\",\"contentUrl\":\"https:\\\/\\\/www.my-clothing.fr\\\/wp-content\\\/uploads\\\/2021\\\/10\\\/MyClothing-Neon-scaled.png\",\"width\":2560,\"height\":1811,\"caption\":\"La mode durable et responsable\"},\"image\":{\"@id\":\"https:\\\/\\\/www.my-clothing.fr\\\/#\\\/schema\\\/logo\\\/image\\\/\"}}]}<\/script>\n<!-- \/ Yoast SEO plugin. -->","yoast_head_json":{"title":"CGV - La mode durable et responsable","robots":{"index":"index","follow":"follow","max-snippet":"max-snippet:-1","max-image-preview":"max-image-preview:large","max-video-preview":"max-video-preview:-1"},"canonical":"https:\/\/www.my-clothing.fr\/?page_id=409","og_locale":"fr_FR","og_type":"article","og_title":"CGV - La mode durable et responsable","og_description":"1- Informations L\u00e9gales Les pr\u00e9sentes Conditions G\u00e9n\u00e9rales de Vente (dites CGV) r\u00e9gissent les ventes conclues entre:\u00a0 L\u2019entreprise My Clothing avec un si\u00e8ge social situ\u00e9 au 06 Rue Saint-Blaise, 75020, Ci-apr\u00e8s d\u00e9nomm\u00e9e \u00ab Le Vendeur \u00bb et toute personne physique et majeure effectuant un achat via le site internet, ci-apr\u00e8s d\u00e9nomm\u00e9 \u00ab le Client \u00bb.\u00a0 2- [&hellip;]","og_url":"https:\/\/www.my-clothing.fr\/?page_id=409","og_site_name":"La mode durable et responsable","article_modified_time":"2025-12-18T13:50:21+00:00","twitter_card":"summary_large_image","twitter_misc":{"Dur\u00e9e de lecture estim\u00e9e":"3 minutes"},"schema":{"@context":"https:\/\/schema.org","@graph":[{"@type":"WebPage","@id":"https:\/\/www.my-clothing.fr\/?page_id=409","url":"https:\/\/www.my-clothing.fr\/?page_id=409","name":"CGV - La mode durable et responsable","isPartOf":{"@id":"https:\/\/www.my-clothing.fr\/#website"},"datePublished":"2025-12-17T16:12:41+00:00","dateModified":"2025-12-18T13:50:21+00:00","breadcrumb":{"@id":"https:\/\/www.my-clothing.fr\/?page_id=409#breadcrumb"},"inLanguage":"fr-FR","potentialAction":[{"@type":"ReadAction","target":["https:\/\/www.my-clothing.fr\/?page_id=409"]}]},{"@type":"BreadcrumbList","@id":"https:\/\/www.my-clothing.fr\/?page_id=409#breadcrumb","itemListElement":[{"@type":"ListItem","position":1,"name":"Accueil","item":"https:\/\/www.my-clothing.fr\/"},{"@type":"ListItem","position":2,"name":"CGV"}]},{"@type":"WebSite","@id":"https:\/\/www.my-clothing.fr\/#website","url":"https:\/\/www.my-clothing.fr\/","name":"La mode durable et responsable","description":"Ve\u0302tements de marque,  neufs, fins de se\u0301rie et seconde main.","publisher":{"@id":"https:\/\/www.my-clothing.fr\/#organization"},"potentialAction":[{"@type":"SearchAction","target":{"@type":"EntryPoint","urlTemplate":"https:\/\/www.my-clothing.fr\/?s={search_term_string}"},"query-input":{"@type":"PropertyValueSpecification","valueRequired":true,"valueName":"search_term_string"}}],"inLanguage":"fr-FR"},{"@type":"Organization","@id":"https:\/\/www.my-clothing.fr\/#organization","name":"La mode durable et responsable","url":"https:\/\/www.my-clothing.fr\/","logo":{"@type":"ImageObject","inLanguage":"fr-FR","@id":"https:\/\/www.my-clothing.fr\/#\/schema\/logo\/image\/","url":"https:\/\/www.my-clothing.fr\/wp-content\/uploads\/2021\/10\/MyClothing-Neon-scaled.png","contentUrl":"https:\/\/www.my-clothing.fr\/wp-content\/uploads\/2021\/10\/MyClothing-Neon-scaled.png","width":2560,"height":1811,"caption":"La mode durable et responsable"},"image":{"@id":"https:\/\/www.my-clothing.fr\/#\/schema\/logo\/image\/"}}]}},"jetpack_sharing_enabled":true,"_links":{"self":[{"href":"https:\/\/www.my-clothing.fr\/index.php?rest_route=\/wp\/v2\/pages\/409","targetHints":{"allow":["GET"]}}],"collection":[{"href":"https:\/\/www.my-clothing.fr\/index.php?rest_route=\/wp\/v2\/pages"}],"about":[{"href":"https:\/\/www.my-clothing.fr\/index.php?rest_route=\/wp\/v2\/types\/page"}],"author":[{"embeddable":true,"href":"https:\/\/www.my-clothing.fr\/index.php?rest_route=\/wp\/v2\/users\/2"}],"replies":[{"embeddable":true,"href":"https:\/\/www.my-clothing.fr\/index.php?rest_route=%2Fwp%2Fv2%2Fcomments&post=409"}],"version-history":[{"count":4,"href":"https:\/\/www.my-clothing.fr\/index.php?rest_route=\/wp\/v2\/pages\/409\/revisions"}],"predecessor-version":[{"id":431,"href":"https:\/\/www.my-clothing.fr\/index.php?rest_route=\/wp\/v2\/pages\/409\/revisions\/431"}],"wp:attachment":[{"href":"https:\/\/www.my-clothing.fr\/index.php?rest_route=%2Fwp%2Fv2%2Fmedia&parent=409"}],"curies":[{"name":"wp","href":"https:\/\/api.w.org\/{rel}","templated":true}]}}